{"id":37,"date":"2022-04-26T10:16:36","date_gmt":"2022-04-26T10:16:36","guid":{"rendered":"http:\/\/grandbaygroup.com\/?page_id=37"},"modified":"2022-04-26T10:16:36","modified_gmt":"2022-04-26T10:16:36","slug":"clientes","status":"publish","type":"page","link":"https:\/\/grandbaygroup.com\/en\/clientes\/","title":{"rendered":"Clientes"},"content":{"rendered":"","protected":false},"excerpt":{"rendered":"","protected":false},"author":1,"featured_media":0,"parent":0,"menu_order":0,"comment_status":"closed","ping_status":"closed","template":"","meta":{"footnotes":""},"acf":[],"yoast_head":"<!-- This site is optimized with the Yoast SEO plugin v20.1 - https:\/\/yoast.com\/wordpress\/plugins\/seo\/ -->\n<title>Clientes - GrandBay Group<\/title>\n<meta name=\"robots\" content=\"index, follow, max-snippet:-1, max-image-preview:large, max-video-preview:-1\" \/>\n<link rel=\"canonical\" href=\"https:\/\/grandbaygroup.com\/en\/clientes\/\" \/>\n<meta property=\"og:locale\" content=\"en_US\" \/>\n<meta property=\"og:type\" content=\"article\" \/>\n<meta property=\"og:title\" content=\"Clientes - GrandBay Group\" \/>\n<meta property=\"og:url\" content=\"https:\/\/grandbaygroup.com\/en\/clientes\/\" \/>\n<meta property=\"og:site_name\" content=\"GrandBay Group\" \/>\n<meta name=\"twitter:card\" content=\"summary_large_image\" \/>\n<script type=\"application\/ld+json\" class=\"yoast-schema-graph\">{\"@context\":\"https:\/\/schema.org\",\"@graph\":[{\"@type\":\"WebPage\",\"@id\":\"https:\/\/grandbaygroup.com\/clientes\/\",\"url\":\"https:\/\/grandbaygroup.com\/clientes\/\",\"name\":\"Clientes - GrandBay Group\",\"isPartOf\":{\"@id\":\"https:\/\/grandbaygroup.com\/en\/#website\"},\"datePublished\":\"2022-04-26T10:16:36+00:00\",\"dateModified\":\"2022-04-26T10:16:36+00:00\",\"breadcrumb\":{\"@id\":\"https:\/\/grandbaygroup.com\/clientes\/#breadcrumb\"},\"inLanguage\":\"en-US\",\"potentialAction\":[{\"@type\":\"ReadAction\",\"target\":[\"https:\/\/grandbaygroup.com\/clientes\/\"]}]},{\"@type\":\"BreadcrumbList\",\"@id\":\"https:\/\/grandbaygroup.com\/clientes\/#breadcrumb\",\"itemListElement\":[{\"@type\":\"ListItem\",\"position\":1,\"name\":\"Portada\",\"item\":\"https:\/\/grandbaygroup.com\/en\/\"},{\"@type\":\"ListItem\",\"position\":2,\"name\":\"Clientes\"}]},{\"@type\":\"WebSite\",\"@id\":\"https:\/\/grandbaygroup.com\/en\/#website\",\"url\":\"https:\/\/grandbaygroup.com\/en\/\",\"name\":\"GrandBay Group\",\"description\":\"GrandBay Group es un empresa multilatina que se dedica a la fabricaci\u00f3n, conversi\u00f3n y comercializaci\u00f3n de productos y soluciones de cuidado personal y del hogar con la m\u00e1s alta calidad y est\u00e1ndares de los mercados en que participa.\",\"publisher\":{\"@id\":\"https:\/\/grandbaygroup.com\/en\/#organization\"},\"potentialAction\":[{\"@type\":\"SearchAction\",\"target\":{\"@type\":\"EntryPoint\",\"urlTemplate\":\"https:\/\/grandbaygroup.com\/en\/?s={search_term_string}\"},\"query-input\":\"required name=search_term_string\"}],\"inLanguage\":\"en-US\"},{\"@type\":\"Organization\",\"@id\":\"https:\/\/grandbaygroup.com\/en\/#organization\",\"name\":\"GrandBay Group\",\"url\":\"https:\/\/grandbaygroup.com\/en\/\",\"logo\":{\"@type\":\"ImageObject\",\"inLanguage\":\"en-US\",\"@id\":\"https:\/\/grandbaygroup.com\/en\/#\/schema\/logo\/image\/\",\"url\":\"https:\/\/grandbaygroup.com\/wp-content\/uploads\/2022\/04\/LOGO-GRANDBAY.svg\",\"contentUrl\":\"https:\/\/grandbaygroup.com\/wp-content\/uploads\/2022\/04\/LOGO-GRANDBAY.svg\",\"width\":400,\"height\":291,\"caption\":\"GrandBay Group\"},\"image\":{\"@id\":\"https:\/\/grandbaygroup.com\/en\/#\/schema\/logo\/image\/\"},\"sameAs\":[\"https:\/\/www.linkedin.com\/company\/grandbay-corp\"]}]}<\/script>\n<!-- \/ Yoast SEO plugin. -->","yoast_head_json":{"title":"Clientes - GrandBay Group","robots":{"index":"index","follow":"follow","max-snippet":"max-snippet:-1","max-image-preview":"max-image-preview:large","max-video-preview":"max-video-preview:-1"},"canonical":"https:\/\/grandbaygroup.com\/en\/clientes\/","og_locale":"en_US","og_type":"article","og_title":"Clientes - GrandBay Group","og_url":"https:\/\/grandbaygroup.com\/en\/clientes\/","og_site_name":"GrandBay Group","twitter_card":"summary_large_image","schema":{"@context":"https:\/\/schema.org","@graph":[{"@type":"WebPage","@id":"https:\/\/grandbaygroup.com\/clientes\/","url":"https:\/\/grandbaygroup.com\/clientes\/","name":"Clientes - GrandBay Group","isPartOf":{"@id":"https:\/\/grandbaygroup.com\/en\/#website"},"datePublished":"2022-04-26T10:16:36+00:00","dateModified":"2022-04-26T10:16:36+00:00","breadcrumb":{"@id":"https:\/\/grandbaygroup.com\/clientes\/#breadcrumb"},"inLanguage":"en-US","potentialAction":[{"@type":"ReadAction","target":["https:\/\/grandbaygroup.com\/clientes\/"]}]},{"@type":"BreadcrumbList","@id":"https:\/\/grandbaygroup.com\/clientes\/#breadcrumb","itemListElement":[{"@type":"ListItem","position":1,"name":"Portada","item":"https:\/\/grandbaygroup.com\/en\/"},{"@type":"ListItem","position":2,"name":"Clientes"}]},{"@type":"WebSite","@id":"https:\/\/grandbaygroup.com\/en\/#website","url":"https:\/\/grandbaygroup.com\/en\/","name":"GrandBay Group","description":"GrandBay Group es un empresa multilatina que se dedica a la fabricaci\u00f3n, conversi\u00f3n y comercializaci\u00f3n de productos y soluciones de cuidado personal y del hogar con la m\u00e1s alta calidad y est\u00e1ndares de los mercados en que participa.","publisher":{"@id":"https:\/\/grandbaygroup.com\/en\/#organization"},"potentialAction":[{"@type":"SearchAction","target":{"@type":"EntryPoint","urlTemplate":"https:\/\/grandbaygroup.com\/en\/?s={search_term_string}"},"query-input":"required name=search_term_string"}],"inLanguage":"en-US"},{"@type":"Organization","@id":"https:\/\/grandbaygroup.com\/en\/#organization","name":"GrandBay Group","url":"https:\/\/grandbaygroup.com\/en\/","logo":{"@type":"ImageObject","inLanguage":"en-US","@id":"https:\/\/grandbaygroup.com\/en\/#\/schema\/logo\/image\/","url":"https:\/\/grandbaygroup.com\/wp-content\/uploads\/2022\/04\/LOGO-GRANDBAY.svg","contentUrl":"https:\/\/grandbaygroup.com\/wp-content\/uploads\/2022\/04\/LOGO-GRANDBAY.svg","width":400,"height":291,"caption":"GrandBay Group"},"image":{"@id":"https:\/\/grandbaygroup.com\/en\/#\/schema\/logo\/image\/"},"sameAs":["https:\/\/www.linkedin.com\/company\/grandbay-corp"]}]}},"_links":{"self":[{"href":"https:\/\/grandbaygroup.com\/en\/wp-json\/wp\/v2\/pages\/37"}],"collection":[{"href":"https:\/\/grandbaygroup.com\/en\/wp-json\/wp\/v2\/pages"}],"about":[{"href":"https:\/\/grandbaygroup.com\/en\/wp-json\/wp\/v2\/types\/page"}],"author":[{"embeddable":true,"href":"https:\/\/grandbaygroup.com\/en\/wp-json\/wp\/v2\/users\/1"}],"replies":[{"embeddable":true,"href":"https:\/\/grandbaygroup.com\/en\/wp-json\/wp\/v2\/comments?post=37"}],"version-history":[{"count":1,"href":"https:\/\/grandbaygroup.com\/en\/wp-json\/wp\/v2\/pages\/37\/revisions"}],"predecessor-version":[{"id":38,"href":"https:\/\/grandbaygroup.com\/en\/wp-json\/wp\/v2\/pages\/37\/revisions\/38"}],"wp:attachment":[{"href":"https:\/\/grandbaygroup.com\/en\/wp-json\/wp\/v2\/media?parent=37"}],"curies":[{"name":"wp","href":"https:\/\/api.w.org\/{rel}","templated":true}]}}