{"id":61,"date":"2022-04-26T10:20:20","date_gmt":"2022-04-26T10:20:20","guid":{"rendered":"http:\/\/grandbaygroup.com\/?page_id=61"},"modified":"2022-06-29T23:36:31","modified_gmt":"2022-06-29T23:36:31","slug":"absorbentes","status":"publish","type":"page","link":"https:\/\/grandbaygroup.com\/en\/absorbentes\/","title":{"rendered":"Absorbents"},"content":{"rendered":"<div data-elementor-type=\"wp-page\" data-elementor-id=\"61\" class=\"elementor elementor-61\" data-elementor-settings=\"[]\">\n\t\t\t\t\t\t\t<div class=\"elementor-section-wrap\">\n\t\t\t\t\t\t\t<section class=\"elementor-section elementor-top-section elementor-element elementor-element-93c7ecb elementor-section-height-min-height elementor-section-items-top elementor-section-boxed elementor-section-height-default\" data-id=\"93c7ecb\" data-element_type=\"section\" data-settings=\"{&quot;background_background&quot;:&quot;video&quot;,&quot;shape_divider_bottom&quot;:&quot;curve&quot;,&quot;background_video_link&quot;:&quot;http:\\\/\\\/grandbaygroup.com\\\/wp-content\\\/uploads\\\/2022\\\/04\\\/bg-gb.mp4&quot;,&quot;background_play_on_mobile&quot;:&quot;yes&quot;}\">\n\t\t\t\t\t\t\t\t<div class=\"elementor-background-video-container\">\n\t\t\t\t\t\t\t\t\t\t\t\t\t<video class=\"elementor-background-video-hosted elementor-html5-video\" autoplay muted playsinline loop><\/video>\n\t\t\t\t\t\t\t\t\t\t\t<\/div>\n\t\t\t\t\t\t\t\t\t<div class=\"elementor-background-overlay\"><\/div>\n\t\t\t\t\t\t<div class=\"elementor-shape elementor-shape-bottom\" data-negative=\"false\">\n\t\t\t<svg xmlns=\"http:\/\/www.w3.org\/2000\/svg\" viewbox=\"0 0 1000 100\" preserveaspectratio=\"none\">\n    <path class=\"elementor-shape-fill\" d=\"M1000,4.3V0H0v4.3C0.9,23.1,126.7,99.2,500,100S1000,22.7,1000,4.3z\"\/>\n<\/svg>\t\t<\/div>\n\t\t\t\t\t<div class=\"elementor-container elementor-column-gap-default\">\n\t\t\t\t\t<div class=\"elementor-column elementor-col-100 elementor-top-column elementor-element elementor-element-8f8dbeb\" data-id=\"8f8dbeb\" data-element_type=\"column\">\n\t\t\t<div class=\"elementor-widget-wrap elementor-element-populated\">\n\t\t\t\t\t\t\t\t<section class=\"elementor-section elementor-inner-section elementor-element elementor-element-339ca45 elementor-section-boxed elementor-section-height-default elementor-section-height-default\" data-id=\"339ca45\" data-element_type=\"section\">\n\t\t\t\t\t\t<div class=\"elementor-container elementor-column-gap-default\">\n\t\t\t\t\t<div class=\"elementor-column elementor-col-25 elementor-inner-column elementor-element elementor-element-e3e220b\" data-id=\"e3e220b\" data-element_type=\"column\">\n\t\t\t<div class=\"elementor-widget-wrap\">\n\t\t\t\t\t\t\t\t\t<\/div>\n\t\t<\/div>\n\t\t\t\t<div class=\"elementor-column elementor-col-50 elementor-inner-column elementor-element elementor-element-52408d0\" data-id=\"52408d0\" data-element_type=\"column\">\n\t\t\t<div class=\"elementor-widget-wrap elementor-element-populated\">\n\t\t\t\t\t\t\t\t<div class=\"elementor-element elementor-element-cd13fef elementor-widget elementor-widget-heading\" data-id=\"cd13fef\" data-element_type=\"widget\" data-widget_type=\"heading.default\">\n\t\t\t\t<div class=\"elementor-widget-container\">\n\t\t\t<style>\/*! elementor - v3.5.1 - 20-12-2021 *\/\n.elementor-heading-title{padding:0;margin:0;line-height:1}.elementor-widget-heading .elementor-heading-title[class*=elementor-size-]>a{color:inherit;font-size:inherit;line-height:inherit}.elementor-widget-heading .elementor-heading-title.elementor-size-small{font-size:15px}.elementor-widget-heading .elementor-heading-title.elementor-size-medium{font-size:19px}.elementor-widget-heading .elementor-heading-title.elementor-size-large{font-size:29px}.elementor-widget-heading .elementor-heading-title.elementor-size-xl{font-size:39px}.elementor-widget-heading .elementor-heading-title.elementor-size-xxl{font-size:59px}<\/style><h2 class=\"elementor-heading-title elementor-size-default\">Products GrandBay Group<\/h2>\t\t<\/div>\n\t\t\t\t<\/div>\n\t\t\t\t<div class=\"elementor-element elementor-element-89f1f02 elementor-widget elementor-widget-image\" data-id=\"89f1f02\" data-element_type=\"widget\" data-widget_type=\"image.default\">\n\t\t\t\t<div class=\"elementor-widget-container\">\n\t\t\t<style>\/*! elementor - v3.5.1 - 20-12-2021 *\/\n.elementor-widget-image{text-align:center}.elementor-widget-image a{display:inline-block}.elementor-widget-image a img[src$=\".svg\"]{width:48px}.elementor-widget-image img{vertical-align:middle;display:inline-block}<\/style>\t\t\t\t\t\t\t\t\t\t\t\t<img loading=\"lazy\" decoding=\"async\" width=\"606\" height=\"606\" src=\"https:\/\/grandbaygroup.com\/wp-content\/uploads\/2022\/06\/bodegon-absorbente.png\" class=\"elementor-animation-shrink attachment-full size-full\" alt=\"\" srcset=\"https:\/\/grandbaygroup.com\/wp-content\/uploads\/2022\/06\/bodegon-absorbente.png 606w, https:\/\/grandbaygroup.com\/wp-content\/uploads\/2022\/06\/bodegon-absorbente-300x300.png 300w, https:\/\/grandbaygroup.com\/wp-content\/uploads\/2022\/06\/bodegon-absorbente-150x150.png 150w\" sizes=\"(max-width: 606px) 100vw, 606px\" \/>\t\t\t\t\t\t\t\t\t\t\t\t\t\t\t<\/div>\n\t\t\t\t<\/div>\n\t\t\t\t\t<\/div>\n\t\t<\/div>\n\t\t\t\t<div class=\"elementor-column elementor-col-25 elementor-inner-column elementor-element elementor-element-0aef349\" data-id=\"0aef349\" data-element_type=\"column\">\n\t\t\t<div class=\"elementor-widget-wrap\">\n\t\t\t\t\t\t\t\t\t<\/div>\n\t\t<\/div>\n\t\t\t\t\t\t\t<\/div>\n\t\t<\/section>\n\t\t\t\t\t<\/div>\n\t\t<\/div>\n\t\t\t\t\t\t\t<\/div>\n\t\t<\/section>\n\t\t\t\t<section class=\"elementor-section elementor-top-section elementor-element elementor-element-62e3490 elementor-section-height-min-height elementor-section-items-top elementor-section-boxed elementor-section-height-default\" data-id=\"62e3490\" data-element_type=\"section\" data-settings=\"{&quot;background_background&quot;:&quot;classic&quot;,&quot;shape_divider_bottom&quot;:&quot;curve&quot;,&quot;shape_divider_bottom_negative&quot;:&quot;yes&quot;}\">\n\t\t\t\t\t<div class=\"elementor-shape elementor-shape-bottom\" data-negative=\"true\">\n\t\t\t<svg xmlns=\"http:\/\/www.w3.org\/2000\/svg\" viewbox=\"0 0 1000 100\" preserveaspectratio=\"none\">\n\t<path class=\"elementor-shape-fill\" d=\"M500,97C126.7,96.3,0.8,19.8,0,0v100l1000,0V1C1000,19.4,873.3,97.8,500,97z\"\/>\n<\/svg>\t\t<\/div>\n\t\t\t\t\t<div class=\"elementor-container elementor-column-gap-default\">\n\t\t\t\t\t<div class=\"elementor-column elementor-col-100 elementor-top-column elementor-element elementor-element-d31a6cb\" data-id=\"d31a6cb\" data-element_type=\"column\">\n\t\t\t<div class=\"elementor-widget-wrap elementor-element-populated\">\n\t\t\t\t\t\t\t\t<div class=\"elementor-element elementor-element-b052820 elementor-widget__width-auto elementor-absolute elementor-widget elementor-widget-image\" data-id=\"b052820\" data-element_type=\"widget\" data-settings=\"{&quot;_position&quot;:&quot;absolute&quot;}\" data-widget_type=\"image.default\">\n\t\t\t\t<div class=\"elementor-widget-container\">\n\t\t\t\t\t\t\t\t\t\t\t\t\t\t\t<img loading=\"lazy\" decoding=\"async\" width=\"186\" height=\"174\" src=\"https:\/\/grandbaygroup.com\/wp-content\/uploads\/2022\/04\/pat-circulos.svg\" class=\"attachment-full size-full\" alt=\"\" \/>\t\t\t\t\t\t\t\t\t\t\t\t\t\t\t<\/div>\n\t\t\t\t<\/div>\n\t\t\t\t<div class=\"elementor-element elementor-element-7ec4e63 elementor-widget elementor-widget-tp-heading-animation\" data-id=\"7ec4e63\" data-element_type=\"widget\" data-widget_type=\"tp-heading-animation.default\">\n\t\t\t\t<div class=\"elementor-widget-container\">\n\t\t\t<style>.heading-animation69ef596f07821 .pt-plus-cd-headline.loading-bar .cd-words-wrapper::after{background-color: #313131;}<\/style><div class=\"pt-plus-heading-animation heading-animation head-anim-style-6  heading-animation69ef596f07821\"  ><h1 class=\"pt-plus-cd-headline letters scale\" ><span >Absorbents <\/span><span class=\"cd-words-wrapper style-6\"   ><b  class=\"is-visible\"><\/b><\/span><\/h1><\/div>\t\t<\/div>\n\t\t\t\t<\/div>\n\t\t\t\t<div class=\"elementor-element elementor-element-3a8ae3e elementor-widget elementor-widget-text-editor\" data-id=\"3a8ae3e\" data-element_type=\"widget\" data-widget_type=\"text-editor.default\">\n\t\t\t\t<div class=\"elementor-widget-container\">\n\t\t\t<style>\/*! elementor - v3.5.1 - 20-12-2021 *\/\n.elementor-widget-text-editor.elementor-drop-cap-view-stacked .elementor-drop-cap{background-color:#818a91;color:#fff}.elementor-widget-text-editor.elementor-drop-cap-view-framed .elementor-drop-cap{color:#818a91;border:3px solid;background-color:transparent}.elementor-widget-text-editor:not(.elementor-drop-cap-view-default) .elementor-drop-cap{margin-top:8px}.elementor-widget-text-editor:not(.elementor-drop-cap-view-default) .elementor-drop-cap-letter{width:1em;height:1em}.elementor-widget-text-editor .elementor-drop-cap{float:left;text-align:center;line-height:1;font-size:50px}.elementor-widget-text-editor .elementor-drop-cap-letter{display:inline-block}<\/style>\t\t\t\tWe produce brands for <span style=\"color: #000000;\"><strong>baby care, incontinence and feminine protection<\/strong><\/span> <br>that offer confidence and security for each stage of Life.\t\t\t\t\t\t<\/div>\n\t\t\t\t<\/div>\n\t\t\t\t<div class=\"elementor-element elementor-element-b981c2e elementor-widget elementor-widget-tp-dynamic-listing\" data-id=\"b981c2e\" data-element_type=\"widget\" data-widget_type=\"tp-dynamic-listing.default\">\n\t\t\t\t<div class=\"elementor-widget-container\">\n\t\t\t<div id=\"pt-plus-dynamic-listing\" class=\"dynamic-listing post69ef596f907d1  list-isotope  dynamic-listing-custom hover-image-\"  data-layout-type=\"fitRows\"   data-id=\"post69ef596f907d1\" data-style=\"custom\"  data-enable-isotope=\"1\"><div id=\"post69ef596f907d1\" class=\"tp-row post-inner-loop post69ef596f907d1    tp_list\"  \"><div class=\"grid-item metro-item  tp-col-lg-4 tp-col-md-6 tp-col-sm-12 tp-col-12\">\t<article id=\"post-610\" class=\"post-610 productos type-productos status-publish has-post-thumbnail hentry productos_cat-absorbentes\">\n\t\t<div class=\"blog-list-content\">\t\t\n\t\t\t\t<div data-elementor-type=\"section\" data-elementor-id=\"619\" class=\"elementor elementor-619\" data-elementor-settings=\"[]\">\n\t\t<div class=\"elementor-section-wrap\">\n\t\t\t\t\t<section class=\"elementor-section elementor-top-section elementor-element elementor-element-2b8a2a1 elementor-section-boxed elementor-section-height-default elementor-section-height-default\" data-id=\"2b8a2a1\" data-element_type=\"section\">\n\t\t\t\t\t\t<div class=\"elementor-container elementor-column-gap-default\">\n\t\t\t\t\t<div class=\"elementor-column elementor-col-100 elementor-top-column elementor-element elementor-element-273ef293\" data-id=\"273ef293\" data-element_type=\"column\">\n\t\t\t<div class=\"elementor-widget-wrap elementor-element-populated\">\n\t\t\t\t\t\t\t\t<div class=\"elementor-element elementor-element-5348414b elementor-widget elementor-widget-tp-animated-service-boxes\" data-id=\"5348414b\" data-element_type=\"widget\" data-widget_type=\"tp-animated-service-boxes.default\">\n\t\t\t\t<div class=\"elementor-widget-container\">\n\t\t\t<div id=\"ani_ser_box69ef596fa85a1\"\" class=\"pt_plus_asb_wrapper article-box article-box-style-1\"  ><div class=\"asb_wrap_list tp-row\"><div class=\"service-item-loop tp-col-lg-12  tp-col-md-12 tp-col-sm-12 tp-col-12\"       ><div class=\"article-box-inner-content\">\r\n<div class=\"article-box-img\"><img decoding=\"async\" src=\"https:\/\/grandbaygroup.com\/wp-content\/uploads\/2022\/04\/020522-GrandBay-Bodegones-Web-Baby-Dreams.jpg\"><\/div>\r\n<div class=\"article-overlay\">\r\n\t<div class=\"article-box-content\">\r\n\t\t<a class=\"asb-title-link\" href=\"https:\/\/babydreams.com.co\/\"><h6 class=\"asb-title\">Baby Dreams<\/h6><\/a><div class=\"asb-desc\"> The brand of baby diapers that accompanies families in the wonderful care routine of the greatest love!... their babies. Designed to provide babies with care, comfort and protection... <\/div><div class=\"pt-plus-button-wrapper\"><div class=\"pt_plus_button btn69ef596fa8517 button-style-7\"><div class=\"animted-content-inner\"><a href=\"https:\/\/babydreams.com.co\/\" class=\"button-link-wrap\" role=\"button\">Learn more<span class=\"btn-arrow\"><\/span><\/a><\/div><\/div><\/div>\t<\/div>\r\n<\/div>\r\n<\/div>\r\n<\/div><\/div><\/div>\t\t<\/div>\n\t\t\t\t<\/div>\n\t\t\t\t\t<\/div>\n\t\t<\/div>\n\t\t\t\t\t\t\t<\/div>\n\t\t<\/section>\n\t\t\t\t<\/div>\n\t\t<\/div>\n\t\t\t\t<\/div>\n\t<\/article>\n<\/div><div class=\"grid-item metro-item  tp-col-lg-4 tp-col-md-6 tp-col-sm-12 tp-col-12\">\t<article id=\"post-815\" class=\"post-815 productos type-productos status-publish has-post-thumbnail hentry productos_cat-absorbentes\">\n\t\t<div class=\"blog-list-content\">\t\t\n\t\t\t\t<div data-elementor-type=\"section\" data-elementor-id=\"619\" class=\"elementor elementor-619\" data-elementor-settings=\"[]\">\n\t\t<div class=\"elementor-section-wrap\">\n\t\t\t\t\t<section class=\"elementor-section elementor-top-section elementor-element elementor-element-2b8a2a1 elementor-section-boxed elementor-section-height-default elementor-section-height-default\" data-id=\"2b8a2a1\" data-element_type=\"section\">\n\t\t\t\t\t\t<div class=\"elementor-container elementor-column-gap-default\">\n\t\t\t\t\t<div class=\"elementor-column elementor-col-100 elementor-top-column elementor-element elementor-element-273ef293\" data-id=\"273ef293\" data-element_type=\"column\">\n\t\t\t<div class=\"elementor-widget-wrap elementor-element-populated\">\n\t\t\t\t\t\t\t\t<div class=\"elementor-element elementor-element-5348414b elementor-widget elementor-widget-tp-animated-service-boxes\" data-id=\"5348414b\" data-element_type=\"widget\" data-widget_type=\"tp-animated-service-boxes.default\">\n\t\t\t\t<div class=\"elementor-widget-container\">\n\t\t\t<div id=\"ani_ser_box69ef596fab750\"\" class=\"pt_plus_asb_wrapper article-box article-box-style-1\"  ><div class=\"asb_wrap_list tp-row\"><div class=\"service-item-loop tp-col-lg-12  tp-col-md-12 tp-col-sm-12 tp-col-12\"       ><div class=\"article-box-inner-content\">\r\n<div class=\"article-box-img\"><img decoding=\"async\" src=\"https:\/\/grandbaygroup.com\/wp-content\/uploads\/2022\/05\/rely-expert.jpg\"><\/div>\r\n<div class=\"article-overlay\">\r\n\t<div class=\"article-box-content\">\r\n\t\t<a class=\"asb-title-link\" href=\"https:\/\/relyexpert.com\/\"><h6 class=\"asb-title\">Rely<\/h6><\/a><div class=\"asb-desc\"> It is the brand of care products for incontinence offering comfort and safety at all times... <\/div><div class=\"pt-plus-button-wrapper\"><div class=\"pt_plus_button btn69ef596fab728 button-style-7\"><div class=\"animted-content-inner\"><a href=\"https:\/\/relyexpert.com\/\" class=\"button-link-wrap\" role=\"button\">Learn more<span class=\"btn-arrow\"><\/span><\/a><\/div><\/div><\/div>\t<\/div>\r\n<\/div>\r\n<\/div>\r\n<\/div><\/div><\/div>\t\t<\/div>\n\t\t\t\t<\/div>\n\t\t\t\t\t<\/div>\n\t\t<\/div>\n\t\t\t\t\t\t\t<\/div>\n\t\t<\/section>\n\t\t\t\t<\/div>\n\t\t<\/div>\n\t\t\t\t<\/div>\n\t<\/article>\n<\/div><div class=\"grid-item metro-item  tp-col-lg-4 tp-col-md-6 tp-col-sm-12 tp-col-12\">\t<article id=\"post-813\" class=\"post-813 productos type-productos status-publish has-post-thumbnail hentry productos_cat-absorbentes\">\n\t\t<div class=\"blog-list-content\">\t\t\n\t\t\t\t<div data-elementor-type=\"section\" data-elementor-id=\"619\" class=\"elementor elementor-619\" data-elementor-settings=\"[]\">\n\t\t<div class=\"elementor-section-wrap\">\n\t\t\t\t\t<section class=\"elementor-section elementor-top-section elementor-element elementor-element-2b8a2a1 elementor-section-boxed elementor-section-height-default elementor-section-height-default\" data-id=\"2b8a2a1\" data-element_type=\"section\">\n\t\t\t\t\t\t<div class=\"elementor-container elementor-column-gap-default\">\n\t\t\t\t\t<div class=\"elementor-column elementor-col-100 elementor-top-column elementor-element elementor-element-273ef293\" data-id=\"273ef293\" data-element_type=\"column\">\n\t\t\t<div class=\"elementor-widget-wrap elementor-element-populated\">\n\t\t\t\t\t\t\t\t<div class=\"elementor-element elementor-element-5348414b elementor-widget elementor-widget-tp-animated-service-boxes\" data-id=\"5348414b\" data-element_type=\"widget\" data-widget_type=\"tp-animated-service-boxes.default\">\n\t\t\t\t<div class=\"elementor-widget-container\">\n\t\t\t<div id=\"ani_ser_box69ef596fae249\"\" class=\"pt_plus_asb_wrapper article-box article-box-style-1\"  ><div class=\"asb_wrap_list tp-row\"><div class=\"service-item-loop tp-col-lg-12  tp-col-md-12 tp-col-sm-12 tp-col-12\"       ><div class=\"article-box-inner-content\">\r\n<div class=\"article-box-img\"><img decoding=\"async\" src=\"https:\/\/grandbaygroup.com\/wp-content\/uploads\/2022\/04\/020522-GrandBay-Bodegones-Web-Suave-Active-Care.jpg\"><\/div>\r\n<div class=\"article-overlay\">\r\n\t<div class=\"article-box-content\">\r\n\t\t<a class=\"asb-title-link\" href=\"https:\/\/www.suave-activecare.com\/\"><h6 class=\"asb-title\">Suave Active Care<\/h6><\/a><div class=\"asb-desc\"> It is the brand of feminine protection. An authentic, different and strong brand that inspires its consumers to be themselves and feel safe. It offers different products for the woman's cycle, with essential attributes such as absorption, softness and comfort... <\/div><div class=\"pt-plus-button-wrapper\"><div class=\"pt_plus_button btn69ef596fae216 button-style-7\"><div class=\"animted-content-inner\"><a href=\"https:\/\/www.suave-activecare.com\/\" class=\"button-link-wrap\" role=\"button\">Learn more<span class=\"btn-arrow\"><\/span><\/a><\/div><\/div><\/div>\t<\/div>\r\n<\/div>\r\n<\/div>\r\n<\/div><\/div><\/div>\t\t<\/div>\n\t\t\t\t<\/div>\n\t\t\t\t\t<\/div>\n\t\t<\/div>\n\t\t\t\t\t\t\t<\/div>\n\t\t<\/section>\n\t\t\t\t<\/div>\n\t\t<\/div>\n\t\t\t\t<\/div>\n\t<\/article>\n<\/div><\/div><\/div>\t\t<\/div>\n\t\t\t\t<\/div>\n\t\t\t\t\t<\/div>\n\t\t<\/div>\n\t\t\t\t\t\t\t<\/div>\n\t\t<\/section>\n\t\t\t\t\t\t<\/div>\n\t\t\t\t\t<\/div>","protected":false},"excerpt":{"rendered":"<p>Productos GrandBay Group Absorbentes Producimos marcas para cuidado del beb\u00e9, incontinencia y la protecci\u00f3n femenina que ofrecen confianza y seguridad para cada etapa de la Vida Conoce m\u00e1s Conoce m\u00e1s Conoce m\u00e1s<\/p>","protected":false},"author":1,"featured_media":0,"parent":0,"menu_order":0,"comment_status":"closed","ping_status":"closed","template":"elementor_header_footer","meta":{"footnotes":""},"acf":[],"yoast_head":"<!-- This site is optimized with the Yoast SEO plugin v20.1 - https:\/\/yoast.com\/wordpress\/plugins\/seo\/ -->\n<title>Absorbentes - GrandBay Group<\/title>\n<meta name=\"robots\" content=\"index, follow, max-snippet:-1, max-image-preview:large, max-video-preview:-1\" \/>\n<link rel=\"canonical\" href=\"https:\/\/grandbaygroup.com\/en\/absorbentes\/\" \/>\n<meta property=\"og:locale\" content=\"en_US\" \/>\n<meta property=\"og:type\" content=\"article\" \/>\n<meta property=\"og:title\" content=\"Absorbentes - GrandBay Group\" \/>\n<meta property=\"og:description\" content=\"Productos GrandBay Group Absorbentes Producimos marcas para cuidado del beb\u00e9, incontinencia y la protecci\u00f3n femenina que ofrecen confianza y seguridad para cada etapa de la Vida Conoce m\u00e1s Conoce m\u00e1s Conoce m\u00e1s\" \/>\n<meta property=\"og:url\" content=\"https:\/\/grandbaygroup.com\/en\/absorbentes\/\" \/>\n<meta property=\"og:site_name\" content=\"GrandBay Group\" \/>\n<meta property=\"article:modified_time\" content=\"2022-06-29T23:36:31+00:00\" \/>\n<meta property=\"og:image\" content=\"http:\/\/grandbaygroup.com\/wp-content\/uploads\/2022\/06\/bodegon-absorbente.png\" \/>\n<meta name=\"twitter:card\" content=\"summary_large_image\" \/>\n<script type=\"application\/ld+json\" class=\"yoast-schema-graph\">{\"@context\":\"https:\/\/schema.org\",\"@graph\":[{\"@type\":\"WebPage\",\"@id\":\"https:\/\/grandbaygroup.com\/en\/absorbentes\/\",\"url\":\"https:\/\/grandbaygroup.com\/en\/absorbentes\/\",\"name\":\"Absorbentes - GrandBay Group\",\"isPartOf\":{\"@id\":\"https:\/\/grandbaygroup.com\/en\/#website\"},\"datePublished\":\"2022-04-26T10:20:20+00:00\",\"dateModified\":\"2022-06-29T23:36:31+00:00\",\"breadcrumb\":{\"@id\":\"https:\/\/grandbaygroup.com\/en\/absorbentes\/#breadcrumb\"},\"inLanguage\":\"en-US\",\"potentialAction\":[{\"@type\":\"ReadAction\",\"target\":[\"https:\/\/grandbaygroup.com\/en\/absorbentes\/\"]}]},{\"@type\":\"BreadcrumbList\",\"@id\":\"https:\/\/grandbaygroup.com\/en\/absorbentes\/#breadcrumb\",\"itemListElement\":[{\"@type\":\"ListItem\",\"position\":1,\"name\":\"Portada\",\"item\":\"https:\/\/grandbaygroup.com\/en\/\"},{\"@type\":\"ListItem\",\"position\":2,\"name\":\"Absorbentes\"}]},{\"@type\":\"WebSite\",\"@id\":\"https:\/\/grandbaygroup.com\/en\/#website\",\"url\":\"https:\/\/grandbaygroup.com\/en\/\",\"name\":\"GrandBay Group\",\"description\":\"GrandBay Group es un empresa multilatina que se dedica a la fabricaci\u00f3n, conversi\u00f3n y comercializaci\u00f3n de productos y soluciones de cuidado personal y del hogar con la m\u00e1s alta calidad y est\u00e1ndares de los mercados en que participa.\",\"publisher\":{\"@id\":\"https:\/\/grandbaygroup.com\/en\/#organization\"},\"potentialAction\":[{\"@type\":\"SearchAction\",\"target\":{\"@type\":\"EntryPoint\",\"urlTemplate\":\"https:\/\/grandbaygroup.com\/en\/?s={search_term_string}\"},\"query-input\":\"required name=search_term_string\"}],\"inLanguage\":\"en-US\"},{\"@type\":\"Organization\",\"@id\":\"https:\/\/grandbaygroup.com\/en\/#organization\",\"name\":\"GrandBay Group\",\"url\":\"https:\/\/grandbaygroup.com\/en\/\",\"logo\":{\"@type\":\"ImageObject\",\"inLanguage\":\"en-US\",\"@id\":\"https:\/\/grandbaygroup.com\/en\/#\/schema\/logo\/image\/\",\"url\":\"https:\/\/grandbaygroup.com\/wp-content\/uploads\/2022\/04\/LOGO-GRANDBAY.svg\",\"contentUrl\":\"https:\/\/grandbaygroup.com\/wp-content\/uploads\/2022\/04\/LOGO-GRANDBAY.svg\",\"width\":400,\"height\":291,\"caption\":\"GrandBay Group\"},\"image\":{\"@id\":\"https:\/\/grandbaygroup.com\/en\/#\/schema\/logo\/image\/\"},\"sameAs\":[\"https:\/\/www.linkedin.com\/company\/grandbay-corp\"]}]}<\/script>\n<!-- \/ Yoast SEO plugin. -->","yoast_head_json":{"title":"Absorbentes - GrandBay Group","robots":{"index":"index","follow":"follow","max-snippet":"max-snippet:-1","max-image-preview":"max-image-preview:large","max-video-preview":"max-video-preview:-1"},"canonical":"https:\/\/grandbaygroup.com\/en\/absorbentes\/","og_locale":"en_US","og_type":"article","og_title":"Absorbentes - GrandBay Group","og_description":"Productos GrandBay Group Absorbentes Producimos marcas para cuidado del beb\u00e9, incontinencia y la protecci\u00f3n femenina que ofrecen confianza y seguridad para cada etapa de la Vida Conoce m\u00e1s Conoce m\u00e1s Conoce m\u00e1s","og_url":"https:\/\/grandbaygroup.com\/en\/absorbentes\/","og_site_name":"GrandBay Group","article_modified_time":"2022-06-29T23:36:31+00:00","og_image":[{"url":"http:\/\/grandbaygroup.com\/wp-content\/uploads\/2022\/06\/bodegon-absorbente.png"}],"twitter_card":"summary_large_image","schema":{"@context":"https:\/\/schema.org","@graph":[{"@type":"WebPage","@id":"https:\/\/grandbaygroup.com\/en\/absorbentes\/","url":"https:\/\/grandbaygroup.com\/en\/absorbentes\/","name":"Absorbentes - GrandBay Group","isPartOf":{"@id":"https:\/\/grandbaygroup.com\/en\/#website"},"datePublished":"2022-04-26T10:20:20+00:00","dateModified":"2022-06-29T23:36:31+00:00","breadcrumb":{"@id":"https:\/\/grandbaygroup.com\/en\/absorbentes\/#breadcrumb"},"inLanguage":"en-US","potentialAction":[{"@type":"ReadAction","target":["https:\/\/grandbaygroup.com\/en\/absorbentes\/"]}]},{"@type":"BreadcrumbList","@id":"https:\/\/grandbaygroup.com\/en\/absorbentes\/#breadcrumb","itemListElement":[{"@type":"ListItem","position":1,"name":"Portada","item":"https:\/\/grandbaygroup.com\/en\/"},{"@type":"ListItem","position":2,"name":"Absorbentes"}]},{"@type":"WebSite","@id":"https:\/\/grandbaygroup.com\/en\/#website","url":"https:\/\/grandbaygroup.com\/en\/","name":"GrandBay Group","description":"GrandBay Group es un empresa multilatina que se dedica a la fabricaci\u00f3n, conversi\u00f3n y comercializaci\u00f3n de productos y soluciones de cuidado personal y del hogar con la m\u00e1s alta calidad y est\u00e1ndares de los mercados en que participa.","publisher":{"@id":"https:\/\/grandbaygroup.com\/en\/#organization"},"potentialAction":[{"@type":"SearchAction","target":{"@type":"EntryPoint","urlTemplate":"https:\/\/grandbaygroup.com\/en\/?s={search_term_string}"},"query-input":"required name=search_term_string"}],"inLanguage":"en-US"},{"@type":"Organization","@id":"https:\/\/grandbaygroup.com\/en\/#organization","name":"GrandBay Group","url":"https:\/\/grandbaygroup.com\/en\/","logo":{"@type":"ImageObject","inLanguage":"en-US","@id":"https:\/\/grandbaygroup.com\/en\/#\/schema\/logo\/image\/","url":"https:\/\/grandbaygroup.com\/wp-content\/uploads\/2022\/04\/LOGO-GRANDBAY.svg","contentUrl":"https:\/\/grandbaygroup.com\/wp-content\/uploads\/2022\/04\/LOGO-GRANDBAY.svg","width":400,"height":291,"caption":"GrandBay Group"},"image":{"@id":"https:\/\/grandbaygroup.com\/en\/#\/schema\/logo\/image\/"},"sameAs":["https:\/\/www.linkedin.com\/company\/grandbay-corp"]}]}},"_links":{"self":[{"href":"https:\/\/grandbaygroup.com\/en\/wp-json\/wp\/v2\/pages\/61"}],"collection":[{"href":"https:\/\/grandbaygroup.com\/en\/wp-json\/wp\/v2\/pages"}],"about":[{"href":"https:\/\/grandbaygroup.com\/en\/wp-json\/wp\/v2\/types\/page"}],"author":[{"embeddable":true,"href":"https:\/\/grandbaygroup.com\/en\/wp-json\/wp\/v2\/users\/1"}],"replies":[{"embeddable":true,"href":"https:\/\/grandbaygroup.com\/en\/wp-json\/wp\/v2\/comments?post=61"}],"version-history":[{"count":5,"href":"https:\/\/grandbaygroup.com\/en\/wp-json\/wp\/v2\/pages\/61\/revisions"}],"predecessor-version":[{"id":3443,"href":"https:\/\/grandbaygroup.com\/en\/wp-json\/wp\/v2\/pages\/61\/revisions\/3443"}],"wp:attachment":[{"href":"https:\/\/grandbaygroup.com\/en\/wp-json\/wp\/v2\/media?parent=61"}],"curies":[{"name":"wp","href":"https:\/\/api.w.org\/{rel}","templated":true}]}}